{"id":2,"date":"2023-10-17T11:19:21","date_gmt":"2023-10-17T11:19:21","guid":{"rendered":"https:\/\/dumbravaminunataalba.ro\/?page_id=2"},"modified":"2023-10-27T10:46:50","modified_gmt":"2023-10-27T10:46:50","slug":"acasa","status":"publish","type":"page","link":"https:\/\/dumbravaminunataalba.ro\/","title":{"rendered":"Acasa"},"content":{"rendered":"<div id=\"pl-2\"  class=\"panel-layout\" ><div id=\"pg-2-0\"  class=\"panel-grid panel-has-style\" ><div class=\"siteorigin-panels-stretch panel-row-style panel-row-style-for-2-0\" data-stretch-type=\"full\" ><div id=\"pgc-2-0-0\"  class=\"panel-grid-cell panel-grid-cell-empty\" ><\/div><\/div><\/div><div id=\"pg-2-1\"  class=\"panel-grid panel-no-style\" ><div id=\"pgc-2-1-0\"  class=\"panel-grid-cell\" ><div id=\"panel-2-1-0-0\" class=\"so-panel widget widget_text panel-first-child\" data-index=\"0\" ><h3 class=\"widget-title\">,,\u00ceMPREUN\u0102 PENTRU O STARE DE BINE\u00a0\u201d<\/h3>\t\t\t<div class=\"textwidget\"><p>SITUAT\u0102 \u00ceN:<\/p>\n<h3 class=\"western\"><span style=\"color: #333333;\">\u00a0<\/span><span style=\"color: #666666;\"><span style=\"font-size: large;\">Alba Iulia, Cartierul Cetate\u00a0-str. George Bari\u021biu nr.8, fiind localizat\u0103 \u00een zona stadion a Municipiului Alba Iulia \u015fi se afl\u0103 \u00een vecin\u0103tate cu Liceul Sportiv \u0219i \u0218coala gimnazial\u0103 Mihai Eminescu din Alba Iulia. Are mediu de reziden\u0163\u0103 urban, este de stat cu\u00a0form\u0103 de \u00eenv\u0103\u0163am\u00e2nt tradi\u0163ional. <\/span><\/span><\/h3>\n<\/div>\n\t\t<\/div><div id=\"panel-2-1-0-1\" class=\"so-panel widget widget_sow-image panel-last-child\" data-index=\"1\" ><div\n\t\t\t\n\t\t\tclass=\"so-widget-sow-image so-widget-sow-image-default-8b5b6f678277-2\"\n\t\t\t\n\t\t>\n\n<div class=\"sow-image-container\">\n\t\t<img loading=\"lazy\" decoding=\"async\" src=\"https:\/\/dumbravaminunataalba.ro\/wp-content\/uploads\/2023\/10\/POZA-2-DESPRE-NOI-1.jpg\" width=\"720\" height=\"540\" srcset=\"https:\/\/dumbravaminunataalba.ro\/wp-content\/uploads\/2023\/10\/POZA-2-DESPRE-NOI-1.jpg 720w, https:\/\/dumbravaminunataalba.ro\/wp-content\/uploads\/2023\/10\/POZA-2-DESPRE-NOI-1-300x225.jpg 300w\" sizes=\"auto, (max-width: 720px) 100vw, 720px\" title=\"POZA 2-DESPRE NOI\" alt=\"\" \t\tclass=\"so-widget-image\"\/>\n\t<\/div>\n\n<\/div><\/div><\/div><div id=\"pgc-2-1-1\"  class=\"panel-grid-cell\" ><div id=\"panel-2-1-1-0\" class=\"so-panel widget widget_text panel-first-child panel-last-child\" data-index=\"2\" ><h3 class=\"widget-title\">PROGRAMUL ZILNIC<\/h3>\t\t\t<div class=\"textwidget\"><p><span style=\"color: #00000a;\"><span style=\"font-family: Segoe UI, serif;\"><span style=\"font-size: x-large;\"><b>&#8211;<\/b><\/span><\/span><\/span><span style=\"color: #00000a;\"><span style=\"font-family: Segoe UI, serif;\"><span style=\"font-size: x-large;\">06:00<\/span><\/span><\/span><span style=\"color: #00000a;\"><span style=\"font-family: Segoe UI, serif;\"><span style=\"font-size: x-large;\"><b>\u00a0\u2013<\/b><\/span><\/span><\/span><span style=\"color: #00000a;\"><span style=\"font-family: Segoe UI, serif;\"><span style=\"font-size: x-large;\">07:00\u00a0<\/span><\/span><\/span><span style=\"color: #00000a;\"><span style=\"font-family: Segoe UI, serif;\"><span style=\"font-size: x-large;\"><b>\u2013<\/b><\/span><\/span><\/span><span style=\"color: #00000a;\"><span style=\"font-family: Segoe UI, serif;\"><span style=\"font-size: x-large;\">Igienizarea localului<\/span><\/span><\/span><\/p>\n<p><span style=\"color: #ff0000;\"><span style=\"font-family: Segoe UI, serif;\"><span style=\"font-size: x-large;\"><b>-07:30 \u2013<\/b><\/span><\/span><\/span><span style=\"color: #404040;\"><span style=\"font-family: Segoe UI, serif;\"><span style=\"font-size: x-large;\">08:30\u00a0<\/span><\/span><\/span><span style=\"color: #ff0000;\"><span style=\"font-family: Segoe UI, serif;\"><span style=\"font-size: x-large;\"><b>\u2013<\/b><\/span><\/span><\/span><span style=\"color: #404040;\"><span style=\"font-family: Segoe UI, serif;\"><span style=\"font-size: x-large;\">Primirea copiilor<\/span><\/span><\/span><span style=\"color: #ff0000;\"><span style=\"font-family: Segoe UI, serif;\"><span style=\"font-size: x-large;\"><b>\/ Jocuri \u0219i Activit\u0103\u021bi Liber Alese<\/b><\/span><\/span><\/span><\/p>\n<p><span style=\"color: #00af50;\"><span style=\"font-family: Segoe UI, serif;\"><span style=\"font-size: x-large;\"><b>-08:30 \u2013<\/b><\/span><\/span><\/span><span style=\"color: #404040;\"><span style=\"font-family: Segoe UI, serif;\"><span style=\"font-size: x-large;\">09:00<\/span><\/span><\/span><span style=\"color: #00af50;\"><span style=\"font-family: Segoe UI, serif;\"><span style=\"font-size: x-large;\"><b>\u2013<\/b><\/span><\/span><\/span><span style=\"color: #404040;\"><span style=\"font-family: Segoe UI, serif;\"><span style=\"font-size: x-large;\">Micul dejun<\/span><\/span><\/span><\/p>\n<p>&nbsp;<\/p>\n<p><span style=\"color: #ffc000;\"><span style=\"font-family: Segoe UI, serif;\"><span style=\"font-size: x-large;\"><b>Activit\u0103\u021bi de dezvoltare personal\u0103<\/b><\/span><\/span><\/span><\/p>\n<p>&nbsp;<\/p>\n<p><span style=\"color: #ffc000;\"><span style=\"font-family: Segoe UI, serif;\"><span style=\"font-size: x-large;\"><b>&#8211;<\/b><\/span><\/span><\/span><span style=\"color: #404040;\"><span style=\"font-family: Segoe UI, serif;\"><span style=\"font-size: x-large;\">09:00\u00a0<\/span><\/span><\/span><span style=\"color: #ffc000;\"><span style=\"font-family: Segoe UI, serif;\"><span style=\"font-size: x-large;\"><b>\u2013<\/b><\/span><\/span><\/span><span style=\"color: #404040;\"><span style=\"font-family: Segoe UI, serif;\"><span style=\"font-size: x-large;\">09:30\u00a0<\/span><\/span><\/span><span style=\"color: #ffc000;\"><span style=\"font-family: Segoe UI, serif;\"><span style=\"font-size: x-large;\"><b>\u2013<\/b><\/span><\/span><\/span><span style=\"color: #404040;\"><span style=\"font-family: Segoe UI, serif;\"><span style=\"font-size: x-large;\">\u00cent\u00e2lnirea de diminea\u021b\u0103, Rutine \u0219i tranzi\u021bii<\/span><\/span><\/span><\/p>\n<p><span style=\"color: #6f2f9f;\"><span style=\"font-family: Segoe UI, serif;\"><span style=\"font-size: x-large;\"><b>-09:30 \u2013<\/b><\/span><\/span><\/span><span style=\"color: #404040;\"><span style=\"font-family: Segoe UI, serif;\"><span style=\"font-size: x-large;\">11.30\u00a0<\/span><\/span><\/span><span style=\"color: #6f2f9f;\"><span style=\"font-family: Segoe UI, serif;\"><span style=\"font-size: x-large;\"><b>\u2013Activit\u0103\u021bi pe Domenii Experien\u021biale\u00a0<\/b><\/span><\/span><\/span><span style=\"color: #404040;\"><span style=\"font-family: Segoe UI, serif;\"><span style=\"font-size: x-large;\">\/<\/span><\/span><\/span><\/p>\n<p><span style=\"color: #ff3299;\"><span style=\"font-family: Segoe UI, serif;\"><span style=\"font-size: x-large;\"><b>-11:30 \u2013<\/b><\/span><\/span><\/span><span style=\"color: #404040;\"><span style=\"font-family: Segoe UI, serif;\"><span style=\"font-size: x-large;\">12:00\u00a0<\/span><\/span><\/span><span style=\"color: #ff3299;\"><span style=\"font-family: Segoe UI, serif;\"><span style=\"font-size: x-large;\"><b>\u2013<\/b><\/span><\/span><\/span><span style=\"color: #00afef;\"><span style=\"font-family: Segoe UI, serif;\"><span style=\"font-size: x-large;\"><b>\u00a0Jocuri \u0219i Activit\u0103\u021bi Liber Alese<\/b><\/span><\/span><\/span><\/p>\n<p>&nbsp;<\/p>\n<p><span style=\"color: #ff3299;\"><span style=\"font-family: Segoe UI, serif;\"><span style=\"font-size: x-large;\"><b>Jocuri \u0219i Activit\u0103\u021bi recreative,\u00a0<\/b><\/span><\/span><\/span><strong><span style=\"color: #ff0000;\"><span style=\"font-family: Segoe UI, serif;\"><span style=\"font-size: x-large;\">Activit\u0103\u021bi op\u021bionale<\/span><\/span><\/span><\/strong><\/p>\n<p>&nbsp;<\/p>\n<p><span style=\"color: #0099ff;\"><span style=\"font-family: Segoe UI, serif;\"><span style=\"font-size: x-large;\"><b>12:00 \u2013<\/b><\/span><\/span><\/span><span style=\"color: #404040;\"><span style=\"font-family: Segoe UI, serif;\"><span style=\"font-size: x-large;\">13:00\u00a0<\/span><\/span><\/span><span style=\"color: #0099ff;\"><span style=\"font-family: Segoe UI, serif;\"><span style=\"font-size: x-large;\"><b>\u2013<\/b><\/span><\/span><\/span><span style=\"color: #404040;\"><span style=\"font-family: Segoe UI, serif;\"><span style=\"font-size: x-large;\">Masa de pr\u00e2nz<\/span><\/span><\/span><\/p>\n<p><span style=\"color: #3232cc;\"><span style=\"font-family: Segoe UI, serif;\"><span style=\"font-size: x-large;\"><b>-13:00 \u2013<\/b><\/span><\/span><\/span><span style=\"color: #404040;\"><span style=\"font-family: Segoe UI, serif;\"><span style=\"font-size: x-large;\">15:30\u00a0<\/span><\/span><\/span><span style=\"color: #3232cc;\"><span style=\"font-family: Segoe UI, serif;\"><span style=\"font-size: x-large;\"><b>\u2013Activit\u0103\u021bi de relaxare (somnul copiilor)<\/b><\/span><\/span><\/span><\/p>\n<p><span style=\"color: #ff32cc;\"><span style=\"font-family: Segoe UI, serif;\"><span style=\"font-size: x-large;\"><b>-15:30 \u2013<\/b><\/span><\/span><\/span><span style=\"color: #404040;\"><span style=\"font-family: Segoe UI, serif;\"><span style=\"font-size: x-large;\">16:30\u00a0<\/span><\/span><\/span><span style=\"color: #ff32cc;\"><span style=\"font-family: Segoe UI, serif;\"><span style=\"font-size: x-large;\"><b>\u2013Activit\u0103\u021bi de dezvoltare a \u00eenclina\u021biilor personale aptitudinilor individuale,<\/b><\/span><\/span><\/span><\/p>\n<p>&nbsp;<\/p>\n<p><span style=\"color: #ff32cc;\"><span style=\"font-family: Segoe UI, serif;\"><span style=\"font-size: x-large;\"><b>Activit\u0103\u021bi recuperatorii \u0219i ameliorative pe domenii experien\u021biale,<\/b><\/span><\/span><\/span><\/p>\n<p><span style=\"font-family: Times New Roman, serif;\"><span style=\"font-size: medium;\"><span style=\"color: #ff32cc;\"><span style=\"font-family: Comic Sans MS, serif;\"><span style=\"font-size: x-large;\"><b>Jocuri \u0219i Activit\u0103\u021bi Liber Alese<\/b><\/span><\/span><\/span><\/span><\/span><\/p>\n<p>&nbsp;<\/p>\n<p><span style=\"font-family: Times New Roman, serif;\"><span style=\"font-size: medium;\"><span style=\"color: #9932ff;\"><span style=\"font-family: Comic Sans MS, serif;\"><span style=\"font-size: x-large;\"><b>16:00-17:00 \u2013Plecarea copiilor acas\u0103<\/b><\/span><\/span><\/span><\/span><\/span><\/p>\n<p><span style=\"font-family: Times New Roman, serif;\"><span style=\"font-size: medium;\"><span style=\"color: #00000a;\"><span style=\"font-family: Segoe UI, serif;\"><span style=\"font-size: x-large;\"><b>&#8211;<\/b><\/span><\/span><\/span><span style=\"color: #00000a;\"><span style=\"font-family: Segoe UI, serif;\"><span style=\"font-size: x-large;\">17:00<\/span><\/span><\/span><span style=\"color: #00000a;\"><span style=\"font-family: Segoe UI, serif;\"><span style=\"font-size: x-large;\"><b>\u00a0\u2013<\/b><\/span><\/span><\/span><span style=\"color: #00000a;\"><span style=\"font-family: Segoe UI, serif;\"><span style=\"font-size: x-large;\">18:00\u00a0<\/span><\/span><\/span><span style=\"color: #00000a;\"><span style=\"font-family: Segoe UI, serif;\"><span style=\"font-size: x-large;\"><b>\u2013<\/b><\/span><\/span><\/span><span style=\"color: #00000a;\"><span style=\"font-family: Segoe UI, serif;\"><span style=\"font-size: x-large;\">Igienizarea localului<\/span><\/span><\/span><\/span><\/span><\/p>\n<\/div>\n\t\t<\/div><\/div><\/div><\/div>","protected":false},"excerpt":{"rendered":"<p>SITUAT\u0102 \u00ceN: \u00a0Alba Iulia, Cartierul Cetate\u00a0-str. George Bari\u021biu nr.8, fiind localizat\u0103 \u00een zona stadion a Municipiului Alba Iulia \u015fi se afl\u0103 \u00een vecin\u0103tate cu Liceul Sportiv \u0219i \u0218coala gimnazial\u0103 Mihai Eminescu din Alba Iulia. Are mediu de reziden\u0163\u0103 urban, este de stat cu\u00a0form\u0103 de \u00eenv\u0103\u0163am\u00e2nt tradi\u0163ional. -06:00\u00a0\u201307:00\u00a0\u2013Igienizarea localului -07:30 \u201308:30\u00a0\u2013Primirea copiilor\/ Jocuri \u0219i Activit\u0103\u021bi Liber &hellip; <\/p>\n","protected":false},"author":1,"featured_media":7,"parent":0,"menu_order":0,"comment_status":"closed","ping_status":"closed","template":"template-home.php","meta":{"footnotes":""},"class_list":["post-2","page","type-page","status-publish","has-post-thumbnail","hentry"],"aioseo_notices":[],"_links":{"self":[{"href":"https:\/\/dumbravaminunataalba.ro\/index.php\/wp-json\/wp\/v2\/pages\/2","targetHints":{"allow":["GET"]}}],"collection":[{"href":"https:\/\/dumbravaminunataalba.ro\/index.php\/wp-json\/wp\/v2\/pages"}],"about":[{"href":"https:\/\/dumbravaminunataalba.ro\/index.php\/wp-json\/wp\/v2\/types\/page"}],"author":[{"embeddable":true,"href":"https:\/\/dumbravaminunataalba.ro\/index.php\/wp-json\/wp\/v2\/users\/1"}],"replies":[{"embeddable":true,"href":"https:\/\/dumbravaminunataalba.ro\/index.php\/wp-json\/wp\/v2\/comments?post=2"}],"version-history":[{"count":39,"href":"https:\/\/dumbravaminunataalba.ro\/index.php\/wp-json\/wp\/v2\/pages\/2\/revisions"}],"predecessor-version":[{"id":930,"href":"https:\/\/dumbravaminunataalba.ro\/index.php\/wp-json\/wp\/v2\/pages\/2\/revisions\/930"}],"wp:featuredmedia":[{"embeddable":true,"href":"https:\/\/dumbravaminunataalba.ro\/index.php\/wp-json\/wp\/v2\/media\/7"}],"wp:attachment":[{"href":"https:\/\/dumbravaminunataalba.ro\/index.php\/wp-json\/wp\/v2\/media?parent=2"}],"curies":[{"name":"wp","href":"https:\/\/api.w.org\/{rel}","templated":true}]}}